{"id":2318,"date":"2024-12-30T11:29:46","date_gmt":"2024-12-30T10:29:46","guid":{"rendered":"https:\/\/programacultural.elmurodeberlin.com\/atterrissage\/"},"modified":"2025-01-21T12:05:51","modified_gmt":"2025-01-21T11:05:51","slug":"atterrissage","status":"publish","type":"page","link":"https:\/\/programacultural.elmurodeberlin.com\/fr\/atterrissage\/","title":{"rendered":"Atterrissage"},"content":{"rendered":"\t\t<div data-elementor-type=\"wp-page\" data-elementor-id=\"2318\" class=\"elementor elementor-2318 elementor-2042\" data-elementor-post-type=\"page\">\n\t\t\t\t<div class=\"elementor-element elementor-element-87b5822 e-con-full e-flex e-con e-parent\" data-id=\"87b5822\" data-element_type=\"container\" data-settings=\"{&quot;background_background&quot;:&quot;video&quot;,&quot;background_video_link&quot;:&quot;https:\\\/\\\/www.youtube.com\\\/watch?v=NupD151IWzI&quot;,&quot;background_play_on_mobile&quot;:&quot;yes&quot;}\">\n\t\t<div class=\"elementor-background-video-container\">\n\t\t\t\t\t\t\t<div class=\"elementor-background-video-embed\"><\/div>\n\t\t\t\t\t\t<\/div><div class=\"elementor-element elementor-element-b9a9ad9 e-con-full e-flex e-con e-child\" data-id=\"b9a9ad9\" data-element_type=\"container\" data-settings=\"{&quot;background_background&quot;:&quot;classic&quot;}\">\n\t\t\t\t<div class=\"elementor-element elementor-element-d8d0b98 elementor-widget elementor-widget-text-editor\" data-id=\"d8d0b98\" data-element_type=\"widget\" data-widget_type=\"text-editor.default\">\n\t\t\t\t<div class=\"elementor-widget-container\">\n\t\t\t\t\t\t\t\t\t<p>  \u00c0 partir de mai 2025 \u00e0 Paris \u00e0 la Cit\u00e9 de l&rsquo;architecture et du Patrimoine<\/p>\n\t\t\t\t\t\t\t\t<\/div>\n\t\t\t\t<\/div>\n\t\t\t\t<\/div>\n\t\t<div class=\"elementor-element elementor-element-2bca2d7 e-flex e-con-boxed e-con e-child\" data-id=\"2bca2d7\" data-element_type=\"container\">\n\t\t\t\t\t<div class=\"e-con-inner\">\n\t\t<div class=\"elementor-element elementor-element-00da9e4 e-con-full e-flex e-con e-child\" data-id=\"00da9e4\" data-element_type=\"container\">\n\t\t\t\t<div class=\"elementor-element elementor-element-31795b5 elementor-widget elementor-widget-theme-site-logo elementor-widget-image\" data-id=\"31795b5\" data-element_type=\"widget\" data-widget_type=\"theme-site-logo.default\">\n\t\t\t\t<div class=\"elementor-widget-container\">\n\t\t\t\t\t\t\t\t\t\t\t<a href=\"https:\/\/programacultural.elmurodeberlin.com\/fr\/\">\n\t\t\t<img fetchpriority=\"high\" decoding=\"async\" width=\"1417\" height=\"453\" src=\"https:\/\/programacultural.elmurodeberlin.com\/wp-content\/uploads\/2025\/01\/06_144_14_Logo_FR_RGB_Color_NB_PROD.svg\" class=\"attachment-full size-full wp-image-2329\" alt=\"\" \/>\t\t\t\t<\/a>\n\t\t\t\t\t\t\t\t\t\t\t<\/div>\n\t\t\t\t<\/div>\n\t\t\t\t<\/div>\n\t\t<div class=\"elementor-element elementor-element-c4f62f8 e-con-full e-flex e-con e-child\" data-id=\"c4f62f8\" data-element_type=\"container\" data-settings=\"{&quot;background_background&quot;:&quot;classic&quot;}\">\n\t\t<div class=\"elementor-element elementor-element-b654378 e-con-full e-flex e-con e-child\" data-id=\"b654378\" data-element_type=\"container\">\n\t\t<div class=\"elementor-element elementor-element-5066a47 e-con-full e-flex e-con e-child\" data-id=\"5066a47\" data-element_type=\"container\">\n\t\t\t\t<div class=\"elementor-element elementor-element-5e1d2a8 elementor-widget elementor-widget-heading\" data-id=\"5e1d2a8\" data-element_type=\"widget\" data-widget_type=\"heading.default\">\n\t\t\t\t<div class=\"elementor-widget-container\">\n\t\t\t\t\t<h2 class=\"elementor-heading-title elementor-size-default\">Rejoignez notre liste d'attente<\/h2>\t\t\t\t<\/div>\n\t\t\t\t<\/div>\n\t\t\t\t<div class=\"elementor-element elementor-element-af95111 elementor-widget elementor-widget-text-editor\" data-id=\"af95111\" data-element_type=\"widget\" data-widget_type=\"text-editor.default\">\n\t\t\t\t<div class=\"elementor-widget-container\">\n\t\t\t\t\t\t\t\t\t<p>Recevez des informations sur l&rsquo;exposition \u00e0 Paris.<\/p>\n\t\t\t\t\t\t\t\t<\/div>\n\t\t\t\t<\/div>\n\t\t\t\t<\/div>\n\t\t<div class=\"elementor-element elementor-element-a76cb27 e-con-full e-flex e-con e-child\" data-id=\"a76cb27\" data-element_type=\"container\">\n\t\t\t\t<div class=\"elementor-element elementor-element-4410f70 elementor-nav-menu__align-start elementor-nav-menu--dropdown-none elementor-widget elementor-widget-nav-menu\" data-id=\"4410f70\" data-element_type=\"widget\" data-settings=\"{&quot;submenu_icon&quot;:{&quot;value&quot;:&quot;&lt;svg class=\\&quot;e-font-icon-svg e-fas-plus\\&quot; viewBox=\\&quot;0 0 448 512\\&quot; xmlns=\\&quot;http:\\\/\\\/www.w3.org\\\/2000\\\/svg\\&quot;&gt;&lt;path d=\\&quot;M416 208H272V64c0-17.67-14.33-32-32-32h-32c-17.67 0-32 14.33-32 32v144H32c-17.67 0-32 14.33-32 32v32c0 17.67 14.33 32 32 32h144v144c0 17.67 14.33 32 32 32h32c17.67 0 32-14.33 32-32V304h144c17.67 0 32-14.33 32-32v-32c0-17.67-14.33-32-32-32z\\&quot;&gt;&lt;\\\/path&gt;&lt;\\\/svg&gt;&quot;,&quot;library&quot;:&quot;fa-solid&quot;},&quot;layout&quot;:&quot;horizontal&quot;}\" data-widget_type=\"nav-menu.default\">\n\t\t\t\t<div class=\"elementor-widget-container\">\n\t\t\t\t\t\t\t\t<nav aria-label=\"Men\u00fa\" class=\"elementor-nav-menu--main elementor-nav-menu__container elementor-nav-menu--layout-horizontal e--pointer-none\">\n\t\t\t\t<ul id=\"menu-1-4410f70\" class=\"elementor-nav-menu\"><li class=\"menu-item menu-item-type-custom menu-item-object-custom menu-item-3222\"><a href=\"https:\/\/programacultural.elmurodeberlin.com\/fr\/landing\/\" class=\"elementor-item\">FR<\/a><\/li>\n<li class=\"menu-item menu-item-type-custom menu-item-object-custom menu-item-3223\"><a href=\"https:\/\/programacultural.elmurodeberlin.com\/en\/landing\/\" class=\"elementor-item\">ING<\/a><\/li>\n<\/ul>\t\t\t<\/nav>\n\t\t\t\t\t\t<nav class=\"elementor-nav-menu--dropdown elementor-nav-menu__container\" aria-hidden=\"true\">\n\t\t\t\t<ul id=\"menu-2-4410f70\" class=\"elementor-nav-menu\"><li class=\"menu-item menu-item-type-custom menu-item-object-custom menu-item-3222\"><a href=\"https:\/\/programacultural.elmurodeberlin.com\/fr\/landing\/\" class=\"elementor-item\" tabindex=\"-1\">FR<\/a><\/li>\n<li class=\"menu-item menu-item-type-custom menu-item-object-custom menu-item-3223\"><a href=\"https:\/\/programacultural.elmurodeberlin.com\/en\/landing\/\" class=\"elementor-item\" tabindex=\"-1\">ING<\/a><\/li>\n<\/ul>\t\t\t<\/nav>\n\t\t\t\t\t\t<\/div>\n\t\t\t\t<\/div>\n\t\t\t\t<\/div>\n\t\t\t\t<\/div>\n\t\t\t\t<div class=\"elementor-element elementor-element-c13e4e6 elementor-align-justify elementor-widget elementor-widget-button\" data-id=\"c13e4e6\" data-element_type=\"widget\" data-widget_type=\"button.default\">\n\t\t\t\t<div class=\"elementor-widget-container\">\n\t\t\t\t\t\t\t\t\t<div class=\"elementor-button-wrapper\">\n\t\t\t\t\t<a class=\"elementor-button elementor-button-link elementor-size-sm\" href=\"https:\/\/programacultural.elmurodeberlin.com\/fr\/formulaire\/\">\n\t\t\t\t\t\t<span class=\"elementor-button-content-wrapper\">\n\t\t\t\t\t\t\t\t\t<span class=\"elementor-button-text\">Inscrivez-vous ici<\/span>\n\t\t\t\t\t<\/span>\n\t\t\t\t\t<\/a>\n\t\t\t\t<\/div>\n\t\t\t\t\t\t\t\t<\/div>\n\t\t\t\t<\/div>\n\t\t<div class=\"elementor-element elementor-element-ca216da e-con-full e-flex e-con e-child\" data-id=\"ca216da\" data-element_type=\"container\">\n\t\t\t\t<div class=\"elementor-element elementor-element-fd84ff5 elementor-widget elementor-widget-image\" data-id=\"fd84ff5\" data-element_type=\"widget\" data-widget_type=\"image.default\">\n\t\t\t\t<div class=\"elementor-widget-container\">\n\t\t\t\t\t\t\t\t\t\t\t\t\t\t\t\t<a href=\"https:\/\/www.musealia.net\/\">\n\t\t\t\t\t\t\t<img decoding=\"async\" width=\"595\" height=\"192\" src=\"https:\/\/programacultural.elmurodeberlin.com\/wp-content\/uploads\/2024\/02\/Musealli_logo_white.svg\" class=\"attachment-large size-large wp-image-219\" alt=\"\" \/>\t\t\t\t\t\t\t\t<\/a>\n\t\t\t\t\t\t\t\t\t\t\t\t\t\t\t<\/div>\n\t\t\t\t<\/div>\n\t\t\t\t<div class=\"elementor-element elementor-element-e9a2c2c elementor-widget elementor-widget-image\" data-id=\"e9a2c2c\" data-element_type=\"widget\" data-widget_type=\"image.default\">\n\t\t\t\t<div class=\"elementor-widget-container\">\n\t\t\t\t\t\t\t\t\t\t\t\t\t\t\t\t<a href=\"https:\/\/www.stiftung-berliner-mauer.de\/en\">\n\t\t\t\t\t\t\t<img decoding=\"async\" width=\"340\" height=\"192\" src=\"https:\/\/programacultural.elmurodeberlin.com\/wp-content\/uploads\/2024\/02\/Stiftung_logo_white.svg\" class=\"attachment-large size-large wp-image-221\" alt=\"\" \/>\t\t\t\t\t\t\t\t<\/a>\n\t\t\t\t\t\t\t\t\t\t\t\t\t\t\t<\/div>\n\t\t\t\t<\/div>\n\t\t\t\t<\/div>\n\t\t\t\t<\/div>\n\t\t\t\t\t<\/div>\n\t\t\t\t<\/div>\n\t\t\t\t<\/div>\n\t\t\t\t<\/div>\n\t\t","protected":false},"excerpt":{"rendered":"<p>\u00c0 partir de mai 2025 \u00e0 Paris \u00e0 la Cit\u00e9 de l&rsquo;architecture et du Patrimoine Rejoignez notre liste d&rsquo;attente Recevez des informations sur l&rsquo;exposition \u00e0 Paris. Inscrivez-vous ici<\/p>\n","protected":false},"author":1,"featured_media":0,"parent":0,"menu_order":0,"comment_status":"closed","ping_status":"closed","template":"","meta":{"_acf_changed":false,"_mo_disable_npp":"","footnotes":""},"class_list":["post-2318","page","type-page","status-publish","hentry"],"acf":[],"_links":{"self":[{"href":"https:\/\/programacultural.elmurodeberlin.com\/fr\/wp-json\/wp\/v2\/pages\/2318","targetHints":{"allow":["GET"]}}],"collection":[{"href":"https:\/\/programacultural.elmurodeberlin.com\/fr\/wp-json\/wp\/v2\/pages"}],"about":[{"href":"https:\/\/programacultural.elmurodeberlin.com\/fr\/wp-json\/wp\/v2\/types\/page"}],"author":[{"embeddable":true,"href":"https:\/\/programacultural.elmurodeberlin.com\/fr\/wp-json\/wp\/v2\/users\/1"}],"replies":[{"embeddable":true,"href":"https:\/\/programacultural.elmurodeberlin.com\/fr\/wp-json\/wp\/v2\/comments?post=2318"}],"version-history":[{"count":55,"href":"https:\/\/programacultural.elmurodeberlin.com\/fr\/wp-json\/wp\/v2\/pages\/2318\/revisions"}],"predecessor-version":[{"id":3419,"href":"https:\/\/programacultural.elmurodeberlin.com\/fr\/wp-json\/wp\/v2\/pages\/2318\/revisions\/3419"}],"wp:attachment":[{"href":"https:\/\/programacultural.elmurodeberlin.com\/fr\/wp-json\/wp\/v2\/media?parent=2318"}],"curies":[{"name":"wp","href":"https:\/\/api.w.org\/{rel}","templated":true}]}}